{"id":66,"date":"2025-04-23T07:06:16","date_gmt":"2025-04-23T07:06:16","guid":{"rendered":"https:\/\/defoamingagent.net\/?page_id=66"},"modified":"2025-04-23T07:47:16","modified_gmt":"2025-04-23T07:47:16","slug":"rreth","status":"publish","type":"page","link":"https:\/\/defoamingagent.net\/sq\/about\/","title":{"rendered":"rreth"},"content":{"rendered":"<p class=\"ds-markdown-paragraph\"><strong>Kush jemi:<\/strong><br \/>\nNe jemi Shanghai Pure Defoamer Technologies Co.,LTD, dhe kemi nj\u00eb mision: t\u00eb zgjidhim problemet e shkum\u00ebs\u2014thjesht dhe qart\u00eb. Shkuma mund t\u00eb duket e pafajshme, por ne e dim\u00eb se si mund t\u00eb ngadal\u00ebsoj\u00eb prodhimin, t\u00eb harxhoj\u00eb burime dhe madje t\u00eb prish\u00eb cil\u00ebsin\u00eb e produktit. Prandaj kemi kaluar vite duke krijuar agjent\u00eb defoamues q\u00eb thjesht funksionojn\u00eb, qoft\u00eb kur prodhoni boj\u00eb, trajtoni uj\u00ebrat e zeza apo prodhoni boja dhe t\u00eb tjera. Pa premtime t\u00eb tepruara\u2014vet\u00ebm zgjidhje t\u00eb besueshme q\u00eb mbajn\u00eb proceset tuaja duke funksionuar pa probleme.<\/p>\n<p class=\"ds-markdown-paragraph\"><strong>Pse ne?<\/strong><br \/>\nLe t\u00eb jemi t\u00eb sinqert\u00eb: jo t\u00eb gjith\u00eb agjent\u00ebt anti-shkum\u00eb jan\u00eb t\u00eb barabart\u00eb. Ton\u00ebt jan\u00eb. Ne bashkojm\u00eb kimin\u00eb me praktik\u00ebn p\u00ebr t\u00eb krijuar agjent\u00eb me baz\u00eb silikoni, vaji dhe uji q\u00eb shkat\u00ebrrojn\u00eb shkum\u00ebn shpejt dhe e pengojn\u00eb rikthimin e saj, edhe n\u00eb kushte t\u00eb v\u00ebshtira (mendoni nxeht\u00ebsi t\u00eb lart\u00eb, p\u00ebrzierje agresive ose luhatje t\u00eb m\u00ebdha t\u00eb pH-s\u00eb). Por \u00e7far\u00eb na b\u00ebn v\u00ebrtet t\u00eb ve\u00e7ant\u00eb? Ne d\u00ebgjojm\u00eb. Industria juaj ka sfida unike, dhe ne p\u00ebrshtatim formulat tona p\u00ebr t'iu p\u00ebrshtatur\u2014qoft\u00eb n\u00eb p\u00ebrpunimin e ushqimit, farmaceutik\u00eb, bujq\u00ebsi apo kimikate.<\/p>\n<p class=\"ds-markdown-paragraph\"><strong>Ne e mbajm\u00eb t\u00eb gjelb\u00ebr:<\/strong><br \/>\nNe e duam shkenc\u00ebn, por gjithashtu e duam planetin. Prandaj ekipi yn\u00eb \u00ebsht\u00eb i p\u00ebrkushtuar n\u00eb prodhimin e agjent\u00ebve anti-shkum\u00eb q\u00eb jan\u00eb t\u00eb fort\u00eb ndaj shkum\u00ebs, por t\u00eb but\u00eb me mjedisin. Produktet tona plot\u00ebsojn\u00eb standardet e rrepta globale, p\u00ebrdorin p\u00ebrb\u00ebr\u00ebs biodegradues sa her\u00eb q\u00eb \u00ebsht\u00eb e mundur, dhe ju ndihmojn\u00eb t\u00eb reduktoni mbeturinat pa sakrifikuar performanc\u00ebn. Q\u00ebndrueshm\u00ebria nuk \u00ebsht\u00eb thjesht nj\u00eb fjal\u00eb e mod\u00ebs p\u00ebr ne\u2014ajo \u00ebsht\u00eb e integruar n\u00eb \u00e7do ser\u00eb.<\/p>\n<p class=\"ds-markdown-paragraph\"><strong>Premtimi yn\u00eb:<\/strong><br \/>\nNe nuk jemi k\u00ebtu p\u00ebr t'ju shitur nj\u00eb produkt dhe p\u00ebr t'u zhdukur. Kur punoni me ne, fitoni nj\u00eb partner. Keni nj\u00eb problem t\u00eb kok\u00ebfort\u00eb me shkum\u00eb? Kimist\u00ebt tan\u00eb do t\u00eb rregullojn\u00eb formul\u00ebn derisa t\u00eb jet\u00eb e duhur. Ju nevojitet mb\u00ebshtetje teknike? Ne jemi k\u00ebtu. Nga startup-et e vogla te prodhuesit global\u00eb, ne i trajtojm\u00eb t\u00eb gjith\u00eb klient\u00ebt si familje, sepse, mir\u00eb, k\u00ebshtu do t\u00eb donim t\u00eb trajtoheshim edhe ne.<\/p>\n<p class=\"ds-markdown-paragraph\"><strong>Pika kryesore:<\/strong><br \/>\nMe p\u00ebrdorimin e defoamer-it ton\u00eb, shuma nuk ka asnj\u00eb shans. Jemi k\u00ebtu p\u00ebr ta b\u00ebr\u00eb pun\u00ebn tuaj m\u00eb t\u00eb leht\u00eb, proceset tuaja m\u00eb t\u00eb pastra dhe rezultatet tuaja m\u00eb t\u00eb mira. Pa buj\u00eb, pa telashe\u2014vet\u00ebm shkenc\u00eb q\u00eb mund t'i besoni.<\/p>","protected":false},"excerpt":{"rendered":"<p>Who We Are: We\u2019re Shanghai Pure Defoamer Technologies Co.,LTD, and we\u2019ve got one mission: to solve foam problems\u2014plain and simple. [&hellip;]<\/p>\n","protected":false},"author":1,"featured_media":0,"parent":0,"menu_order":0,"comment_status":"closed","ping_status":"closed","template":"","meta":{"site-sidebar-layout":"default","site-content-layout":"","ast-site-content-layout":"default","site-content-style":"default","site-sidebar-style":"default","ast-global-header-display":"","ast-banner-title-visibility":"","ast-main-header-display":"","ast-hfb-above-header-display":"","ast-hfb-below-header-display":"","ast-hfb-mobile-header-display":"","site-post-title":"","ast-breadcrumbs-content":"","ast-featured-img":"","footer-sml-layout":"","theme-transparent-header-meta":"default","adv-header-id-meta":"","stick-header-meta":"","header-above-stick-meta":"","header-main-stick-meta":"","header-below-stick-meta":"","astra-migrate-meta-layouts":"set","ast-page-background-enabled":"default","ast-page-background-meta":{"desktop":{"background-color":"var(--ast-global-color-5)","background-image":"","background-repeat":"repeat","background-position":"center center","background-size":"auto","background-attachment":"scroll","background-type":"","background-media":"","overlay-type":"","overlay-color":"","overlay-opacity":"","overlay-gradient":""},"tablet":{"background-color":"","background-image":"","background-repeat":"repeat","background-position":"center center","background-size":"auto","background-attachment":"scroll","background-type":"","background-media":"","overlay-type":"","overlay-color":"","overlay-opacity":"","overlay-gradient":""},"mobile":{"background-color":"","background-image":"","background-repeat":"repeat","background-position":"center center","background-size":"auto","background-attachment":"scroll","background-type":"","background-media":"","overlay-type":"","overlay-color":"","overlay-opacity":"","overlay-gradient":""}},"ast-content-background-meta":{"desktop":{"background-color":"var(--ast-global-color-4)","background-image":"","background-repeat":"repeat","background-position":"center center","background-size":"auto","background-attachment":"scroll","background-type":"","background-media":"","overlay-type":"","overlay-color":"","overlay-opacity":"","overlay-gradient":""},"tablet":{"background-color":"var(--ast-global-color-4)","background-image":"","background-repeat":"repeat","background-position":"center center","background-size":"auto","background-attachment":"scroll","background-type":"","background-media":"","overlay-type":"","overlay-color":"","overlay-opacity":"","overlay-gradient":""},"mobile":{"background-color":"var(--ast-global-color-4)","background-image":"","background-repeat":"repeat","background-position":"center center","background-size":"auto","background-attachment":"scroll","background-type":"","background-media":"","overlay-type":"","overlay-color":"","overlay-opacity":"","overlay-gradient":""}},"footnotes":""},"class_list":["post-66","page","type-page","status-publish","hentry"],"aioseo_notices":[],"_links":{"self":[{"href":"https:\/\/defoamingagent.net\/sq\/wp-json\/wp\/v2\/pages\/66","targetHints":{"allow":["GET"]}}],"collection":[{"href":"https:\/\/defoamingagent.net\/sq\/wp-json\/wp\/v2\/pages"}],"about":[{"href":"https:\/\/defoamingagent.net\/sq\/wp-json\/wp\/v2\/types\/page"}],"author":[{"embeddable":true,"href":"https:\/\/defoamingagent.net\/sq\/wp-json\/wp\/v2\/users\/1"}],"replies":[{"embeddable":true,"href":"https:\/\/defoamingagent.net\/sq\/wp-json\/wp\/v2\/comments?post=66"}],"version-history":[{"count":4,"href":"https:\/\/defoamingagent.net\/sq\/wp-json\/wp\/v2\/pages\/66\/revisions"}],"predecessor-version":[{"id":72,"href":"https:\/\/defoamingagent.net\/sq\/wp-json\/wp\/v2\/pages\/66\/revisions\/72"}],"wp:attachment":[{"href":"https:\/\/defoamingagent.net\/sq\/wp-json\/wp\/v2\/media?parent=66"}],"curies":[{"name":"wp","href":"https:\/\/api.w.org\/{rel}","templated":true}]}}