{"id":66,"date":"2025-04-23T07:06:16","date_gmt":"2025-04-23T07:06:16","guid":{"rendered":"https:\/\/defoamingagent.net\/?page_id=66"},"modified":"2025-04-23T07:47:16","modified_gmt":"2025-04-23T07:47:16","slug":"o","status":"publish","type":"page","link":"https:\/\/defoamingagent.net\/pl\/about\/","title":{"rendered":"o"},"content":{"rendered":"<p class=\"ds-markdown-paragraph\"><strong>Kim jeste\u015bmy:<\/strong><br \/>\nNazywamy si\u0119 Shanghai Pure Defoamer Technologies Co. LTD i mamy jedn\u0105 misj\u0119: rozwi\u0105zywa\u0107 problemy zwi\u0105zane z pian\u0105 - prosto i \u0142atwo. Piana mo\u017ce wydawa\u0107 si\u0119 nieszkodliwa, ale wiemy, jak mo\u017ce spowolni\u0107 produkcj\u0119, marnowa\u0107 zasoby, a nawet zrujnowa\u0107 jako\u015b\u0107 produktu. Dlatego sp\u0119dzili\u015bmy lata na tworzeniu \u015brodk\u00f3w odpieniaj\u0105cych, kt\u00f3re po prostu dzia\u0142aj\u0105, niezale\u017cnie od tego, czy produkujesz atrament, oczyszczasz \u015bcieki, produkujesz farby itp. \u017badnych przesadnych obietnic - tylko niezawodne rozwi\u0105zania, kt\u00f3re zapewniaj\u0105 p\u0142ynne dzia\u0142anie proces\u00f3w.<\/p>\n<p class=\"ds-markdown-paragraph\"><strong>Dlaczego my?<\/strong><br \/>\nB\u0105d\u017amy szczerzy: nie wszystkie odpieniacze s\u0105 sobie r\u00f3wne. Nasze s\u0105. \u0141\u0105czymy chemi\u0119 z praktyczno\u015bci\u0105, tworz\u0105c \u015brodki na bazie silikonu, oleju i wody, kt\u00f3re szybko usuwaj\u0105 pian\u0119 i zapobiegaj\u0105 jej ponownemu powstawaniu, nawet w trudnych warunkach (takich jak wysoka temperatura, agresywne mieszanie lub gwa\u0142towne wahania pH). Ale co tak naprawd\u0119 nas wyr\u00f3\u017cnia? S\u0142uchamy. Twoja bran\u017ca ma wyj\u0105tkowe wyzwania, a my dostosowujemy do nich nasze formu\u0142y - niezale\u017cnie od tego, czy zajmujesz si\u0119 przetw\u00f3rstwem \u017cywno\u015bci, farmaceutyk\u0105, rolnictwem czy chemikaliami.<\/p>\n<p class=\"ds-markdown-paragraph\"><strong>We Keep It Green:<\/strong><br \/>\nKochamy nauk\u0119, ale kochamy te\u017c planet\u0119. Dlatego nasz zesp\u00f3\u0142 ma obsesj\u0119 na punkcie tworzenia \u015brodk\u00f3w odpieniaj\u0105cych, kt\u00f3re s\u0105 odporne na pian\u0119, ale \u0142agodne dla \u015brodowiska. Nasze produkty spe\u0142niaj\u0105 surowe globalne standardy, wykorzystuj\u0105 biodegradowalne sk\u0142adniki tam, gdzie to mo\u017cliwe i pomagaj\u0105 zmniejszy\u0107 ilo\u015b\u0107 odpad\u00f3w bez po\u015bwi\u0119cania wydajno\u015bci. Zr\u00f3wnowa\u017cony rozw\u00f3j nie jest dla nas modnym has\u0142em - jest wpisany w ka\u017cd\u0105 parti\u0119.<\/p>\n<p class=\"ds-markdown-paragraph\"><strong>Nasza obietnica:<\/strong><br \/>\nNie jeste\u015bmy tu po to, aby sprzeda\u0107 Ci produkt i znikn\u0105\u0107. Wsp\u00f3\u0142pracuj\u0105c z nami, zyskujesz partnera. Masz uporczywy problem z pian\u0105? Nasi chemicy dostosuj\u0105 formu\u0142\u0119, a\u017c b\u0119dzie odpowiednia. Potrzebujesz wsparcia technicznego? Jeste\u015bmy tutaj. Od ma\u0142ych startup\u00f3w po globalnych producent\u00f3w, traktujemy ka\u017cdego klienta jak rodzin\u0119, poniewa\u017c sami chcieliby\u015bmy by\u0107 tak traktowani.<\/p>\n<p class=\"ds-markdown-paragraph\"><strong>Podsumowanie:<\/strong><br \/>\nPiana nie ma z nami szans dzi\u0119ki zastosowaniu naszego odpieniacza. Jeste\u015bmy tutaj, aby u\u0142atwi\u0107 Ci prac\u0119, uczyni\u0107 procesy czystszymi, a wyniki lepszymi. \u017badnego szumu, \u017cadnych k\u0142opot\u00f3w - tylko nauka, kt\u00f3rej mo\u017cna zaufa\u0107.<\/p>","protected":false},"excerpt":{"rendered":"<p>Who We Are: We\u2019re Shanghai Pure Defoamer Technologies Co.,LTD, and we\u2019ve got one mission: to solve foam problems\u2014plain and simple. [&hellip;]<\/p>\n","protected":false},"author":1,"featured_media":0,"parent":0,"menu_order":0,"comment_status":"closed","ping_status":"closed","template":"","meta":{"site-sidebar-layout":"default","site-content-layout":"","ast-site-content-layout":"default","site-content-style":"default","site-sidebar-style":"default","ast-global-header-display":"","ast-banner-title-visibility":"","ast-main-header-display":"","ast-hfb-above-header-display":"","ast-hfb-below-header-display":"","ast-hfb-mobile-header-display":"","site-post-title":"","ast-breadcrumbs-content":"","ast-featured-img":"","footer-sml-layout":"","theme-transparent-header-meta":"default","adv-header-id-meta":"","stick-header-meta":"","header-above-stick-meta":"","header-main-stick-meta":"","header-below-stick-meta":"","astra-migrate-meta-layouts":"set","ast-page-background-enabled":"default","ast-page-background-meta":{"desktop":{"background-color":"var(--ast-global-color-5)","background-image":"","background-repeat":"repeat","background-position":"center center","background-size":"auto","background-attachment":"scroll","background-type":"","background-media":"","overlay-type":"","overlay-color":"","overlay-opacity":"","overlay-gradient":""},"tablet":{"background-color":"","background-image":"","background-repeat":"repeat","background-position":"center center","background-size":"auto","background-attachment":"scroll","background-type":"","background-media":"","overlay-type":"","overlay-color":"","overlay-opacity":"","overlay-gradient":""},"mobile":{"background-color":"","background-image":"","background-repeat":"repeat","background-position":"center center","background-size":"auto","background-attachment":"scroll","background-type":"","background-media":"","overlay-type":"","overlay-color":"","overlay-opacity":"","overlay-gradient":""}},"ast-content-background-meta":{"desktop":{"background-color":"var(--ast-global-color-4)","background-image":"","background-repeat":"repeat","background-position":"center center","background-size":"auto","background-attachment":"scroll","background-type":"","background-media":"","overlay-type":"","overlay-color":"","overlay-opacity":"","overlay-gradient":""},"tablet":{"background-color":"var(--ast-global-color-4)","background-image":"","background-repeat":"repeat","background-position":"center center","background-size":"auto","background-attachment":"scroll","background-type":"","background-media":"","overlay-type":"","overlay-color":"","overlay-opacity":"","overlay-gradient":""},"mobile":{"background-color":"var(--ast-global-color-4)","background-image":"","background-repeat":"repeat","background-position":"center center","background-size":"auto","background-attachment":"scroll","background-type":"","background-media":"","overlay-type":"","overlay-color":"","overlay-opacity":"","overlay-gradient":""}},"footnotes":""},"class_list":["post-66","page","type-page","status-publish","hentry"],"aioseo_notices":[],"_links":{"self":[{"href":"https:\/\/defoamingagent.net\/pl\/wp-json\/wp\/v2\/pages\/66","targetHints":{"allow":["GET"]}}],"collection":[{"href":"https:\/\/defoamingagent.net\/pl\/wp-json\/wp\/v2\/pages"}],"about":[{"href":"https:\/\/defoamingagent.net\/pl\/wp-json\/wp\/v2\/types\/page"}],"author":[{"embeddable":true,"href":"https:\/\/defoamingagent.net\/pl\/wp-json\/wp\/v2\/users\/1"}],"replies":[{"embeddable":true,"href":"https:\/\/defoamingagent.net\/pl\/wp-json\/wp\/v2\/comments?post=66"}],"version-history":[{"count":4,"href":"https:\/\/defoamingagent.net\/pl\/wp-json\/wp\/v2\/pages\/66\/revisions"}],"predecessor-version":[{"id":72,"href":"https:\/\/defoamingagent.net\/pl\/wp-json\/wp\/v2\/pages\/66\/revisions\/72"}],"wp:attachment":[{"href":"https:\/\/defoamingagent.net\/pl\/wp-json\/wp\/v2\/media?parent=66"}],"curies":[{"name":"wp","href":"https:\/\/api.w.org\/{rel}","templated":true}]}}