{"id":2,"date":"2025-04-10T06:19:30","date_gmt":"2025-04-10T06:19:30","guid":{"rendered":"http:\/\/defoamingagent.net\/?page_id=2"},"modified":"2025-04-10T06:19:30","modified_gmt":"2025-04-10T06:19:30","slug":"rupela-nimune","status":"publish","type":"page","link":"https:\/\/defoamingagent.net\/kmr\/sample-page\/","title":{"rendered":"R\u00fbpela Nim\u00fbne"},"content":{"rendered":"<p>Ev r\u00fbpelek m\u00eenak e. Ew ji niv\u00eeseke blog\u00ea cuda ye ji ber ku ew \u00ea li yek c\u00eeh\u00ee bim\u00eene \u00fb d\u00ea di nav\u00eegasyona malpera we de (di piraniya temayan de) xuya bibe. Piraniya mirovan bi r\u00fbpelek 'Derbar\u00ea' dest p\u00ea dikin ku wan bi serdaner\u00ean potansiyel \u00ean malper\u00ea re dide nas\u00een. Dibe ku ti\u015ftek\u00ee wek\u00ee v\u00ee got\u00ee be:<\/p>\n\n\n\n<blockquote class=\"wp-block-quote is-layout-flow wp-block-quote-is-layout-flow\"><p>Silav! Ez bi roj peyamg\u00eerek\u00ee bis\u00eeklet\u00ea me, bi \u015fev l\u00eestikvanek\u00ee dilxwaz im, \u00fb ev malpera min e. Ez li Los Angeles\u00ea dij\u00eem, k\u00fb\u00e7ikek\u00ee min \u00ea h\u00eaja bi nav\u00ea Jack heye, \u00fb ez ji p\u00eenya koladay\u00ea hez dikim. (\u00db ji w\u00ea yek\u00ea ku di bin baran\u00ea de bim\u00eenim j\u00ee.)<\/p><\/blockquote>\n\n\n\n<p>\u2026an ti\u015ftek\u00ee wek\u00ee v\u00ee:<\/p>\n\n\n\n<blockquote class=\"wp-block-quote is-layout-flow wp-block-quote-is-layout-flow\"><p>\u015e\u00eerketa XYZ Doohickey di sala 1971'an de hate damezrandin, \u00fb ji w\u00ea dem\u00ea ve doohickeys\u00ean bi kal\u00eete p\u00ea\u015fk\u00ea\u015f\u00ee gel dike. Navenda w\u00ea li Bajar\u00ea Gotham\u00ea ye, XYZ z\u00eadetir\u00ee 2,000 kesan dixebit\u00eene \u00fb ji bo civaka Gotham\u00ea her cure ti\u015ft\u00ean ec\u00eab dike.<\/p><\/blockquote>\n\n\n\n<p>Wek\u00ee bikarh\u00eanerek\u00ee n\u00fb y\u00ea WordPress\u00ea, div\u00ea h\u00fbn bi\u00e7in <a href=\"http:\/\/defoamingagent.net\/wp-admin\/\">panela we<\/a> ji bo j\u00eabirina v\u00ea r\u00fbpel\u00ea \u00fb \u00e7\u00eakirina r\u00fbpel\u00ean n\u00fb ji bo naveroka xwe. K\u00eafxwe\u015f bibin!<\/p>","protected":false},"excerpt":{"rendered":"<p>This is an example page. It&#8217;s different from a blog post because it will stay in one place and will [&hellip;]<\/p>\n","protected":false},"author":1,"featured_media":0,"parent":0,"menu_order":0,"comment_status":"closed","ping_status":"open","template":"","meta":{"site-sidebar-layout":"default","site-content-layout":"","ast-site-content-layout":"","site-content-style":"default","site-sidebar-style":"default","ast-global-header-display":"","ast-banner-title-visibility":"","ast-main-header-display":"","ast-hfb-above-header-display":"","ast-hfb-below-header-display":"","ast-hfb-mobile-header-display":"","site-post-title":"","ast-breadcrumbs-content":"","ast-featured-img":"","footer-sml-layout":"","theme-transparent-header-meta":"","adv-header-id-meta":"","stick-header-meta":"","header-above-stick-meta":"","header-main-stick-meta":"","header-below-stick-meta":"","astra-migrate-meta-layouts":"default","ast-page-background-enabled":"default","ast-page-background-meta":{"desktop":{"background-color":"var(--ast-global-color-5)","background-image":"","background-repeat":"repeat","background-position":"center center","background-size":"auto","background-attachment":"scroll","background-type":"","background-media":"","overlay-type":"","overlay-color":"","overlay-opacity":"","overlay-gradient":""},"tablet":{"background-color":"","background-image":"","background-repeat":"repeat","background-position":"center center","background-size":"auto","background-attachment":"scroll","background-type":"","background-media":"","overlay-type":"","overlay-color":"","overlay-opacity":"","overlay-gradient":""},"mobile":{"background-color":"","background-image":"","background-repeat":"repeat","background-position":"center center","background-size":"auto","background-attachment":"scroll","background-type":"","background-media":"","overlay-type":"","overlay-color":"","overlay-opacity":"","overlay-gradient":""}},"ast-content-background-meta":{"desktop":{"background-color":"var(--ast-global-color-4)","background-image":"","background-repeat":"repeat","background-position":"center center","background-size":"auto","background-attachment":"scroll","background-type":"","background-media":"","overlay-type":"","overlay-color":"","overlay-opacity":"","overlay-gradient":""},"tablet":{"background-color":"var(--ast-global-color-4)","background-image":"","background-repeat":"repeat","background-position":"center center","background-size":"auto","background-attachment":"scroll","background-type":"","background-media":"","overlay-type":"","overlay-color":"","overlay-opacity":"","overlay-gradient":""},"mobile":{"background-color":"var(--ast-global-color-4)","background-image":"","background-repeat":"repeat","background-position":"center center","background-size":"auto","background-attachment":"scroll","background-type":"","background-media":"","overlay-type":"","overlay-color":"","overlay-opacity":"","overlay-gradient":""}},"footnotes":""},"class_list":["post-2","page","type-page","status-publish","hentry"],"aioseo_notices":[],"_links":{"self":[{"href":"https:\/\/defoamingagent.net\/kmr\/wp-json\/wp\/v2\/pages\/2","targetHints":{"allow":["GET"]}}],"collection":[{"href":"https:\/\/defoamingagent.net\/kmr\/wp-json\/wp\/v2\/pages"}],"about":[{"href":"https:\/\/defoamingagent.net\/kmr\/wp-json\/wp\/v2\/types\/page"}],"author":[{"embeddable":true,"href":"https:\/\/defoamingagent.net\/kmr\/wp-json\/wp\/v2\/users\/1"}],"replies":[{"embeddable":true,"href":"https:\/\/defoamingagent.net\/kmr\/wp-json\/wp\/v2\/comments?post=2"}],"version-history":[{"count":0,"href":"https:\/\/defoamingagent.net\/kmr\/wp-json\/wp\/v2\/pages\/2\/revisions"}],"wp:attachment":[{"href":"https:\/\/defoamingagent.net\/kmr\/wp-json\/wp\/v2\/media?parent=2"}],"curies":[{"name":"wp","href":"https:\/\/api.w.org\/{rel}","templated":true}]}}