{"id":66,"date":"2025-04-23T07:06:16","date_gmt":"2025-04-23T07:06:16","guid":{"rendered":"https:\/\/defoamingagent.net\/?page_id=66"},"modified":"2025-04-23T07:47:16","modified_gmt":"2025-04-23T07:47:16","slug":"bab","status":"publish","type":"page","link":"https:\/\/defoamingagent.net\/jv\/about\/","title":{"rendered":"bab"},"content":{"rendered":"<p class=\"ds-markdown-paragraph\"><strong>Sapa Kita:<\/strong><br \/>\nKami Shanghai Pure Defoamer Technologies Co.,LTD, lan kita mung nduw\u00e9 siji misi: ngrampungak\u00e9 masalah busa\u2014gampil lan cetha. Busa bisa katon ora mbebayani, nanging kita ngerti caran\u00e9 bisa ngalambatak\u00e9 produksi, mbuwang sumber daya, lan malah ngrusak kualitas produk. Mula saka iku, kita wis nglampahi pirang-pirang taun ngembangak\u00e9 agen defoaming sing panc\u00e8n mujarab, apa sampeyan nggawe tinta, ngolah banyu limbah, utawa ngasilak\u00e9 cat lan sapiturut\u00e9. Ora janji kakehan\u2014mung solusi sing bisa dipercaya supaya proses sampeyan tetep mlaku lancar.<\/p>\n<p class=\"ds-markdown-paragraph\"><strong>Kenapa kita?<\/strong><br \/>\nAyo jujur: ora kabeh defoamer padha. Defoamer kita beda. Kita nyawijikake kimia karo praktisitas kanggo nggawe agen basis silikon, minyak, lan banyu sing bisa mbusak busa kanthi cepet lan nyegah supaya ora muncul maneh, sanajan ing kahanan angel (panas banget, aduk agresif, utawa fluktuasi pH sing ekstrim). Nanging apa sing pancen mbedakake kita? Kita ngrungokake. Industri sampeyan nduw\u00e9 tantangan unik, lan kita nyetel formulasi supaya pas\u2014apa sampeyan ana ing pangolahan pangan, farmasi, pertanian, utawa bahan kimia.<\/p>\n<p class=\"ds-markdown-paragraph\"><strong>Kita njaga tetep ijo:<\/strong><br \/>\nKita tresna marang ilmu pengetahuan, nanging uga tresna marang bumi. Mula saka iku, tim kita ngotot nggawe agen pangilang busa sing kuwat nglawan busa nanging alus marang lingkungan. Produk kita nyukupi standar global sing ketat, nggunakake bahan sing bisa diurai sacara alami yen bisa, lan mbantu sampeyan nyuda sampah tanpa ngorbanake kinerja. Kelestarian ora mung dadi istilah tren kanggo kita\u2014iki wis mlebu ing saben batch.<\/p>\n<p class=\"ds-markdown-paragraph\"><strong>Janji Kita:<\/strong><br \/>\nKita ora ana ing kene mung kanggo adol produk banjur ilang. Nalika sampeyan kerja bareng karo kita, sampeyan entuk mitra. Ana masalah busa sing bandel? Ahli kimia kita bakal nyetel formula nganti pas. Perlu dukungan teknis? Kita siap. Saka startup cilik nganti pabrikan global, kita nambani saben pelanggan kaya kulawarga amarga kuwi uga sing kita kepengin ditrapake marang kita.<\/p>\n<p class=\"ds-markdown-paragraph\"><strong>Intine:<\/strong><br \/>\nBuih ora ana kesempatan nglawan kita yen nggunakake defoamer kita. Kita ana kene kanggo nggawe pakaryan sampeyan luwih gampang, proses sampeyan luwih resik, lan asil sampeyan luwih apik. Tanpa heboh, tanpa repot\u2014mung ilmu sing bisa sampeyan percaya.<\/p>","protected":false},"excerpt":{"rendered":"<p>Who We Are: We\u2019re Shanghai Pure Defoamer Technologies Co.,LTD, and we\u2019ve got one mission: to solve foam problems\u2014plain and simple. [&hellip;]<\/p>\n","protected":false},"author":1,"featured_media":0,"parent":0,"menu_order":0,"comment_status":"closed","ping_status":"closed","template":"","meta":{"site-sidebar-layout":"default","site-content-layout":"","ast-site-content-layout":"default","site-content-style":"default","site-sidebar-style":"default","ast-global-header-display":"","ast-banner-title-visibility":"","ast-main-header-display":"","ast-hfb-above-header-display":"","ast-hfb-below-header-display":"","ast-hfb-mobile-header-display":"","site-post-title":"","ast-breadcrumbs-content":"","ast-featured-img":"","footer-sml-layout":"","theme-transparent-header-meta":"default","adv-header-id-meta":"","stick-header-meta":"","header-above-stick-meta":"","header-main-stick-meta":"","header-below-stick-meta":"","astra-migrate-meta-layouts":"set","ast-page-background-enabled":"default","ast-page-background-meta":{"desktop":{"background-color":"var(--ast-global-color-5)","background-image":"","background-repeat":"repeat","background-position":"center center","background-size":"auto","background-attachment":"scroll","background-type":"","background-media":"","overlay-type":"","overlay-color":"","overlay-opacity":"","overlay-gradient":""},"tablet":{"background-color":"","background-image":"","background-repeat":"repeat","background-position":"center center","background-size":"auto","background-attachment":"scroll","background-type":"","background-media":"","overlay-type":"","overlay-color":"","overlay-opacity":"","overlay-gradient":""},"mobile":{"background-color":"","background-image":"","background-repeat":"repeat","background-position":"center center","background-size":"auto","background-attachment":"scroll","background-type":"","background-media":"","overlay-type":"","overlay-color":"","overlay-opacity":"","overlay-gradient":""}},"ast-content-background-meta":{"desktop":{"background-color":"var(--ast-global-color-4)","background-image":"","background-repeat":"repeat","background-position":"center center","background-size":"auto","background-attachment":"scroll","background-type":"","background-media":"","overlay-type":"","overlay-color":"","overlay-opacity":"","overlay-gradient":""},"tablet":{"background-color":"var(--ast-global-color-4)","background-image":"","background-repeat":"repeat","background-position":"center center","background-size":"auto","background-attachment":"scroll","background-type":"","background-media":"","overlay-type":"","overlay-color":"","overlay-opacity":"","overlay-gradient":""},"mobile":{"background-color":"var(--ast-global-color-4)","background-image":"","background-repeat":"repeat","background-position":"center center","background-size":"auto","background-attachment":"scroll","background-type":"","background-media":"","overlay-type":"","overlay-color":"","overlay-opacity":"","overlay-gradient":""}},"footnotes":""},"class_list":["post-66","page","type-page","status-publish","hentry"],"aioseo_notices":[],"_links":{"self":[{"href":"https:\/\/defoamingagent.net\/jv\/wp-json\/wp\/v2\/pages\/66","targetHints":{"allow":["GET"]}}],"collection":[{"href":"https:\/\/defoamingagent.net\/jv\/wp-json\/wp\/v2\/pages"}],"about":[{"href":"https:\/\/defoamingagent.net\/jv\/wp-json\/wp\/v2\/types\/page"}],"author":[{"embeddable":true,"href":"https:\/\/defoamingagent.net\/jv\/wp-json\/wp\/v2\/users\/1"}],"replies":[{"embeddable":true,"href":"https:\/\/defoamingagent.net\/jv\/wp-json\/wp\/v2\/comments?post=66"}],"version-history":[{"count":4,"href":"https:\/\/defoamingagent.net\/jv\/wp-json\/wp\/v2\/pages\/66\/revisions"}],"predecessor-version":[{"id":72,"href":"https:\/\/defoamingagent.net\/jv\/wp-json\/wp\/v2\/pages\/66\/revisions\/72"}],"wp:attachment":[{"href":"https:\/\/defoamingagent.net\/jv\/wp-json\/wp\/v2\/media?parent=66"}],"curies":[{"name":"wp","href":"https:\/\/api.w.org\/{rel}","templated":true}]}}