{"id":2,"date":"2025-04-10T06:19:30","date_gmt":"2025-04-10T06:19:30","guid":{"rendered":"http:\/\/defoamingagent.net\/?page_id=2"},"modified":"2025-04-10T06:19:30","modified_gmt":"2025-04-10T06:19:30","slug":"kaca-conto","status":"publish","type":"page","link":"https:\/\/defoamingagent.net\/jv\/sample-page\/","title":{"rendered":"Kaca conto"},"content":{"rendered":"<p>Iki kaca conto. Iki b\u00e9da karo kiriman blog amarga bakal tetep ana ing panggonan siji lan bakal katon ing navigasi situs sampeyan (ing umume tema). Umume wong miwiti karo kaca Bab Aku sing ngenalake dh\u00e8w\u00e8k\u00e9 marang pengunjung situs potensial. Bisa wa\u00e9 kandha kaya ng\u00e9n\u00e9:<\/p>\n\n\n\n<blockquote class=\"wp-block-quote is-layout-flow wp-block-quote-is-layout-flow\"><p>Halo! Aku kurir sepeda ing awan, aktor sing lagi ngudi ing bengi, lan iki situs webku. Aku manggon ing Los Angeles, duwe asu apik jenenge Jack, lan aku seneng pi\u00f1a colada. (Lan kesamber udan.)<\/p><\/blockquote>\n\n\n\n<p>\u2026utawa kaya ngene:<\/p>\n\n\n\n<blockquote class=\"wp-block-quote is-layout-flow wp-block-quote-is-layout-flow\"><p>Perusahaan XYZ Doohickey didegak\u00e9 ing taun 1971, lan wiwit kuwi wis nyedhiyakake doohickey bermutu marang masyarakat. Dumunung ing Kutha Gotham, XYZ nyewa luwih saka 2.000 wong lan nindakake macem-macem perkara apik kanggo komunitas Gotham.<\/p><\/blockquote>\n\n\n\n<p>Minangka pangguna anyar WordPress, sampeyan kudu menyang <a href=\"http:\/\/defoamingagent.net\/wp-admin\/\">Dasbor sampeyan<\/a> ngapus kaca iki lan nggawe kaca anyar kanggo kontenmu. Seneng-seneng!<\/p>","protected":false},"excerpt":{"rendered":"<p>This is an example page. It&#8217;s different from a blog post because it will stay in one place and will [&hellip;]<\/p>\n","protected":false},"author":1,"featured_media":0,"parent":0,"menu_order":0,"comment_status":"closed","ping_status":"open","template":"","meta":{"site-sidebar-layout":"default","site-content-layout":"","ast-site-content-layout":"","site-content-style":"default","site-sidebar-style":"default","ast-global-header-display":"","ast-banner-title-visibility":"","ast-main-header-display":"","ast-hfb-above-header-display":"","ast-hfb-below-header-display":"","ast-hfb-mobile-header-display":"","site-post-title":"","ast-breadcrumbs-content":"","ast-featured-img":"","footer-sml-layout":"","theme-transparent-header-meta":"","adv-header-id-meta":"","stick-header-meta":"","header-above-stick-meta":"","header-main-stick-meta":"","header-below-stick-meta":"","astra-migrate-meta-layouts":"default","ast-page-background-enabled":"default","ast-page-background-meta":{"desktop":{"background-color":"var(--ast-global-color-5)","background-image":"","background-repeat":"repeat","background-position":"center center","background-size":"auto","background-attachment":"scroll","background-type":"","background-media":"","overlay-type":"","overlay-color":"","overlay-opacity":"","overlay-gradient":""},"tablet":{"background-color":"","background-image":"","background-repeat":"repeat","background-position":"center center","background-size":"auto","background-attachment":"scroll","background-type":"","background-media":"","overlay-type":"","overlay-color":"","overlay-opacity":"","overlay-gradient":""},"mobile":{"background-color":"","background-image":"","background-repeat":"repeat","background-position":"center center","background-size":"auto","background-attachment":"scroll","background-type":"","background-media":"","overlay-type":"","overlay-color":"","overlay-opacity":"","overlay-gradient":""}},"ast-content-background-meta":{"desktop":{"background-color":"var(--ast-global-color-4)","background-image":"","background-repeat":"repeat","background-position":"center center","background-size":"auto","background-attachment":"scroll","background-type":"","background-media":"","overlay-type":"","overlay-color":"","overlay-opacity":"","overlay-gradient":""},"tablet":{"background-color":"var(--ast-global-color-4)","background-image":"","background-repeat":"repeat","background-position":"center center","background-size":"auto","background-attachment":"scroll","background-type":"","background-media":"","overlay-type":"","overlay-color":"","overlay-opacity":"","overlay-gradient":""},"mobile":{"background-color":"var(--ast-global-color-4)","background-image":"","background-repeat":"repeat","background-position":"center center","background-size":"auto","background-attachment":"scroll","background-type":"","background-media":"","overlay-type":"","overlay-color":"","overlay-opacity":"","overlay-gradient":""}},"footnotes":""},"class_list":["post-2","page","type-page","status-publish","hentry"],"aioseo_notices":[],"_links":{"self":[{"href":"https:\/\/defoamingagent.net\/jv\/wp-json\/wp\/v2\/pages\/2","targetHints":{"allow":["GET"]}}],"collection":[{"href":"https:\/\/defoamingagent.net\/jv\/wp-json\/wp\/v2\/pages"}],"about":[{"href":"https:\/\/defoamingagent.net\/jv\/wp-json\/wp\/v2\/types\/page"}],"author":[{"embeddable":true,"href":"https:\/\/defoamingagent.net\/jv\/wp-json\/wp\/v2\/users\/1"}],"replies":[{"embeddable":true,"href":"https:\/\/defoamingagent.net\/jv\/wp-json\/wp\/v2\/comments?post=2"}],"version-history":[{"count":0,"href":"https:\/\/defoamingagent.net\/jv\/wp-json\/wp\/v2\/pages\/2\/revisions"}],"wp:attachment":[{"href":"https:\/\/defoamingagent.net\/jv\/wp-json\/wp\/v2\/media?parent=2"}],"curies":[{"name":"wp","href":"https:\/\/api.w.org\/{rel}","templated":true}]}}