{"id":66,"date":"2025-04-23T07:06:16","date_gmt":"2025-04-23T07:06:16","guid":{"rendered":"https:\/\/defoamingagent.net\/?page_id=66"},"modified":"2025-04-23T07:47:16","modified_gmt":"2025-04-23T07:47:16","slug":"circa","status":"publish","type":"page","link":"https:\/\/defoamingagent.net\/it\/about\/","title":{"rendered":"circa"},"content":{"rendered":"<p class=\"ds-markdown-paragraph\"><strong>Chi siamo:<\/strong><br \/>\nSiamo Shanghai Pure Defoamer Technologies Co.,LTD e abbiamo una missione: risolvere i problemi di schiuma in modo semplice e chiaro. La schiuma pu\u00f2 sembrare innocua, ma sappiamo che pu\u00f2 rallentare la produzione, sprecare risorse e persino rovinare la qualit\u00e0 del prodotto. Ecco perch\u00e9 abbiamo passato anni a creare agenti antischiuma che funzionano e basta, sia che si tratti di produrre inchiostro, trattare le acque reflue o produrre vernici e cos\u00ec via. Nessuna promessa eccessiva, solo soluzioni affidabili che consentono ai vostri processi di funzionare senza intoppi.<\/p>\n<p class=\"ds-markdown-paragraph\"><strong>Perch\u00e9 noi?<\/strong><br \/>\nSiamo realisti: non tutti gli antischiuma sono creati uguali. I nostri lo sono. Fondiamo la chimica con la praticit\u00e0 per creare agenti a base di silicone, olio e acqua che eliminano rapidamente la schiuma e ne impediscono il ritorno, anche in condizioni difficili (ad esempio, calore elevato, miscelazione aggressiva o sbalzi di pH). Ma cosa ci distingue veramente? Ascoltiamo. Il vostro settore ha sfide uniche e noi adattiamo le nostre formule alle vostre esigenze, che si tratti di industria alimentare, farmaceutica, agricola o chimica.<\/p>\n<p class=\"ds-markdown-paragraph\"><strong>Manteniamo il verde:<\/strong><br \/>\nAmiamo la scienza, ma anche il pianeta. \u00c8 per questo che il nostro team \u00e8 ossessionato dalla produzione di agenti antischiuma che siano resistenti alla schiuma ma delicati per l'ambiente. I nostri prodotti rispettano rigorosi standard globali, utilizzano ingredienti biodegradabili ove possibile e aiutano a ridurre gli sprechi senza sacrificare le prestazioni. Per noi la sostenibilit\u00e0 non \u00e8 una parola d'ordine, ma \u00e8 un concetto che si ritrova in ogni lotto.<\/p>\n<p class=\"ds-markdown-paragraph\"><strong>La nostra promessa:<\/strong><br \/>\nNon siamo qui per vendervi un prodotto e scomparire. Quando lavorate con noi, avrete un partner. Avete un problema di schiuma ostinata? I nostri chimici modificheranno la formula finch\u00e9 non sar\u00e0 perfetta. Avete bisogno di supporto tecnico? Siamo qui. Dalle piccole startup ai produttori globali, trattiamo ogni cliente come una famiglia perch\u00e9 \u00e8 cos\u00ec che vorremmo essere trattati.<\/p>\n<p class=\"ds-markdown-paragraph\"><strong>Il risultato finale:<\/strong><br \/>\nLa schiuma non ha alcuna possibilit\u00e0 di essere eliminata utilizzando il nostro antischiuma. Siamo qui per rendere il vostro lavoro pi\u00f9 facile, i vostri processi pi\u00f9 puliti e i vostri risultati migliori. Nessuna pubblicit\u00e0, nessun problema: solo scienza di cui fidarsi.<\/p>","protected":false},"excerpt":{"rendered":"<p>Who We Are: We\u2019re Shanghai Pure Defoamer Technologies Co.,LTD, and we\u2019ve got one mission: to solve foam problems\u2014plain and simple. [&hellip;]<\/p>\n","protected":false},"author":1,"featured_media":0,"parent":0,"menu_order":0,"comment_status":"closed","ping_status":"closed","template":"","meta":{"site-sidebar-layout":"default","site-content-layout":"","ast-site-content-layout":"default","site-content-style":"default","site-sidebar-style":"default","ast-global-header-display":"","ast-banner-title-visibility":"","ast-main-header-display":"","ast-hfb-above-header-display":"","ast-hfb-below-header-display":"","ast-hfb-mobile-header-display":"","site-post-title":"","ast-breadcrumbs-content":"","ast-featured-img":"","footer-sml-layout":"","theme-transparent-header-meta":"default","adv-header-id-meta":"","stick-header-meta":"","header-above-stick-meta":"","header-main-stick-meta":"","header-below-stick-meta":"","astra-migrate-meta-layouts":"set","ast-page-background-enabled":"default","ast-page-background-meta":{"desktop":{"background-color":"var(--ast-global-color-5)","background-image":"","background-repeat":"repeat","background-position":"center center","background-size":"auto","background-attachment":"scroll","background-type":"","background-media":"","overlay-type":"","overlay-color":"","overlay-opacity":"","overlay-gradient":""},"tablet":{"background-color":"","background-image":"","background-repeat":"repeat","background-position":"center center","background-size":"auto","background-attachment":"scroll","background-type":"","background-media":"","overlay-type":"","overlay-color":"","overlay-opacity":"","overlay-gradient":""},"mobile":{"background-color":"","background-image":"","background-repeat":"repeat","background-position":"center center","background-size":"auto","background-attachment":"scroll","background-type":"","background-media":"","overlay-type":"","overlay-color":"","overlay-opacity":"","overlay-gradient":""}},"ast-content-background-meta":{"desktop":{"background-color":"var(--ast-global-color-4)","background-image":"","background-repeat":"repeat","background-position":"center center","background-size":"auto","background-attachment":"scroll","background-type":"","background-media":"","overlay-type":"","overlay-color":"","overlay-opacity":"","overlay-gradient":""},"tablet":{"background-color":"var(--ast-global-color-4)","background-image":"","background-repeat":"repeat","background-position":"center center","background-size":"auto","background-attachment":"scroll","background-type":"","background-media":"","overlay-type":"","overlay-color":"","overlay-opacity":"","overlay-gradient":""},"mobile":{"background-color":"var(--ast-global-color-4)","background-image":"","background-repeat":"repeat","background-position":"center center","background-size":"auto","background-attachment":"scroll","background-type":"","background-media":"","overlay-type":"","overlay-color":"","overlay-opacity":"","overlay-gradient":""}},"footnotes":""},"class_list":["post-66","page","type-page","status-publish","hentry"],"aioseo_notices":[],"_links":{"self":[{"href":"https:\/\/defoamingagent.net\/it\/wp-json\/wp\/v2\/pages\/66","targetHints":{"allow":["GET"]}}],"collection":[{"href":"https:\/\/defoamingagent.net\/it\/wp-json\/wp\/v2\/pages"}],"about":[{"href":"https:\/\/defoamingagent.net\/it\/wp-json\/wp\/v2\/types\/page"}],"author":[{"embeddable":true,"href":"https:\/\/defoamingagent.net\/it\/wp-json\/wp\/v2\/users\/1"}],"replies":[{"embeddable":true,"href":"https:\/\/defoamingagent.net\/it\/wp-json\/wp\/v2\/comments?post=66"}],"version-history":[{"count":4,"href":"https:\/\/defoamingagent.net\/it\/wp-json\/wp\/v2\/pages\/66\/revisions"}],"predecessor-version":[{"id":72,"href":"https:\/\/defoamingagent.net\/it\/wp-json\/wp\/v2\/pages\/66\/revisions\/72"}],"wp:attachment":[{"href":"https:\/\/defoamingagent.net\/it\/wp-json\/wp\/v2\/media?parent=66"}],"curies":[{"name":"wp","href":"https:\/\/api.w.org\/{rel}","templated":true}]}}