{"id":66,"date":"2025-04-23T07:06:16","date_gmt":"2025-04-23T07:06:16","guid":{"rendered":"https:\/\/defoamingagent.net\/?page_id=66"},"modified":"2025-04-23T07:47:16","modified_gmt":"2025-04-23T07:47:16","slug":"um","status":"publish","type":"page","link":"https:\/\/defoamingagent.net\/is\/about\/","title":{"rendered":"um"},"content":{"rendered":"<p class=\"ds-markdown-paragraph\"><strong>Hver vi\u00f0 erum:<\/strong><br \/>\nVi\u00f0 erum Shanghai Pure Defoamer Technologies Co.,LTD og h\u00f6fum eitt markmi\u00f0: a\u00f0 leysa fro\u00f0uvandam\u00e1l \u2013 einfalt og sk\u00fdrt. Fro\u00f0a kann a\u00f0 vir\u00f0ast saklaus, en vi\u00f0 vitum hvernig h\u00fan getur h\u00e6gja\u00f0 \u00e1 framlei\u00f0slu, s\u00f3a\u00f0 au\u00f0lindum og jafnvel spillt g\u00e6\u00f0um v\u00f6runnar. \u00deess vegna h\u00f6fum vi\u00f0 vari\u00f0 \u00e1rum \u00ed a\u00f0 \u00fer\u00f3a fro\u00f0ub\u00e6landi efni sem einfaldlega virka, hvort sem \u00fe\u00fa ert a\u00f0 framlei\u00f0a blek, hreinsa fr\u00e1rennsli e\u00f0a framlei\u00f0a m\u00e1lningu og fleira. Engar yfirl\u00fdsingar um of miki\u00f0 \u2013 bara \u00e1rei\u00f0anlegar lausnir sem halda ferlunum \u00fe\u00ednum gangandi.<\/p>\n<p class=\"ds-markdown-paragraph\"><strong>Af hverju vi\u00f0?<\/strong><br \/>\nVerum rauns\u00e6: ekki allir fro\u00f0uhemjarar eru jafn g\u00f3\u00f0ir. Okkar eru \u00fea\u00f0. Vi\u00f0 sameinum efnafr\u00e6\u00f0i og hagn\u00fdtni til a\u00f0 b\u00faa til s\u00edlikon-, ol\u00edu- og vatnsbundna fro\u00f0uhemjara sem ey\u00f0a fro\u00f0u hratt og koma \u00ed veg fyrir a\u00f0 h\u00fan komi aftur, jafnvel vi\u00f0 krefjandi a\u00f0st\u00e6\u00f0ur (hugsa\u00f0u h\u00e1an hita, \u00e1r\u00e1sargjarna bl\u00f6ndun e\u00f0a miklar pH-sveiflur). En hva\u00f0 gerir okkur \u00ed raun \u00f6\u00f0ruv\u00edsi? Vi\u00f0 hlustum. \u00de\u00edn atvinnugrein stendur frammi fyrir s\u00e9rst\u00f6kum \u00e1skorunum, og vi\u00f0 s\u00e9rsn\u00ed\u00f0um form\u00falur okkar a\u00f0 \u00fe\u00ednum \u00fe\u00f6rfum \u2013 hvort sem \u00fe\u00fa starfar \u00ed matv\u00e6laframlei\u00f0slu, lyfjaframlei\u00f0slu, landb\u00fana\u00f0i e\u00f0a efnai\u00f0na\u00f0i.<\/p>\n<p class=\"ds-markdown-paragraph\"><strong>Vi\u00f0 h\u00f6ldum \u00fev\u00ed gr\u00e6nu:<\/strong><br \/>\nVi\u00f0 elskum v\u00edsindi, en vi\u00f0 elskum l\u00edka pl\u00e1netuna. \u00deess vegna einbeitir teymi\u00f0 okkar s\u00e9r a\u00f0 \u00fev\u00ed a\u00f0 framlei\u00f0a fro\u00f0uhemjandi efni sem eru har\u00f0 \u00ed gar\u00f0 fro\u00f0u en bl\u00ed\u00f0 vi\u00f0 umhverfi\u00f0. V\u00f6rur okkar uppfylla strangar al\u00fej\u00f3\u00f0legar kr\u00f6fur, nota ni\u00f0urbrj\u00f3tanleg innihaldsefni \u00fear sem m\u00f6gulegt er og hj\u00e1lpa \u00fe\u00e9r a\u00f0 draga \u00far \u00fargangi \u00e1n \u00feess a\u00f0 f\u00f3rna frammist\u00f6\u00f0u. \u00c1byrg\u00f0 gagnvart umhverfinu er ekki t\u00edskuor\u00f0 hj\u00e1 okkur \u2013 h\u00fan er innbygg\u00f0 \u00ed hverja framlei\u00f0slulotu.<\/p>\n<p class=\"ds-markdown-paragraph\"><strong>Lofor\u00f0 okkar:<\/strong><br \/>\nVi\u00f0 erum ekki h\u00e9r til a\u00f0 selja \u00fe\u00e9r v\u00f6ru og hverfa s\u00ed\u00f0an. \u00deegar \u00fe\u00fa vinnur me\u00f0 okkur f\u00e6r\u00f0u samstarfsa\u00f0ila. \u00c1tt \u00fe\u00fa \u00ed vandr\u00e6\u00f0um me\u00f0 \u00ferj\u00f3sku fro\u00f0u? Efnaverkfr\u00e6\u00f0ingar okkar f\u00ednstilla form\u00faluna \u00fear til h\u00fan er fullkomin. \u00dearftu t\u00e6knilegan stu\u00f0ning? Vi\u00f0 erum h\u00e9r. Fr\u00e1 litlum sprotafyrirt\u00e6kjum til al\u00fej\u00f3\u00f0legra framlei\u00f0enda, vi\u00f0 komum fram vi\u00f0 hvern vi\u00f0skiptavin eins og fj\u00f6lskyldume\u00f0lim, \u00fev\u00ed svona viljum vi\u00f0 sj\u00e1lf vera me\u00f0h\u00f6ndla\u00f0ir.<\/p>\n<p class=\"ds-markdown-paragraph\"><strong>Ni\u00f0ursta\u00f0an:<\/strong><br \/>\nFoam hefur engan s\u00e9ns gegn okkur \u00feegar \u00fe\u00fa notar def\u00f3amerinn okkar. Vi\u00f0 erum h\u00e9r til a\u00f0 gera vinnuna \u00fe\u00edna au\u00f0veldari, ferlana \u00fe\u00edna hreinni og ni\u00f0urst\u00f6\u00f0urnar \u00fe\u00ednar betri. Engin hype, engin fyrirh\u00f6fn \u2013 bara v\u00edsindi sem \u00fe\u00fa getur treyst.<\/p>","protected":false},"excerpt":{"rendered":"<p>Who We Are: We\u2019re Shanghai Pure Defoamer Technologies Co.,LTD, and we\u2019ve got one mission: to solve foam problems\u2014plain and simple. [&hellip;]<\/p>\n","protected":false},"author":1,"featured_media":0,"parent":0,"menu_order":0,"comment_status":"closed","ping_status":"closed","template":"","meta":{"site-sidebar-layout":"default","site-content-layout":"","ast-site-content-layout":"default","site-content-style":"default","site-sidebar-style":"default","ast-global-header-display":"","ast-banner-title-visibility":"","ast-main-header-display":"","ast-hfb-above-header-display":"","ast-hfb-below-header-display":"","ast-hfb-mobile-header-display":"","site-post-title":"","ast-breadcrumbs-content":"","ast-featured-img":"","footer-sml-layout":"","theme-transparent-header-meta":"default","adv-header-id-meta":"","stick-header-meta":"","header-above-stick-meta":"","header-main-stick-meta":"","header-below-stick-meta":"","astra-migrate-meta-layouts":"set","ast-page-background-enabled":"default","ast-page-background-meta":{"desktop":{"background-color":"var(--ast-global-color-5)","background-image":"","background-repeat":"repeat","background-position":"center center","background-size":"auto","background-attachment":"scroll","background-type":"","background-media":"","overlay-type":"","overlay-color":"","overlay-opacity":"","overlay-gradient":""},"tablet":{"background-color":"","background-image":"","background-repeat":"repeat","background-position":"center center","background-size":"auto","background-attachment":"scroll","background-type":"","background-media":"","overlay-type":"","overlay-color":"","overlay-opacity":"","overlay-gradient":""},"mobile":{"background-color":"","background-image":"","background-repeat":"repeat","background-position":"center center","background-size":"auto","background-attachment":"scroll","background-type":"","background-media":"","overlay-type":"","overlay-color":"","overlay-opacity":"","overlay-gradient":""}},"ast-content-background-meta":{"desktop":{"background-color":"var(--ast-global-color-4)","background-image":"","background-repeat":"repeat","background-position":"center center","background-size":"auto","background-attachment":"scroll","background-type":"","background-media":"","overlay-type":"","overlay-color":"","overlay-opacity":"","overlay-gradient":""},"tablet":{"background-color":"var(--ast-global-color-4)","background-image":"","background-repeat":"repeat","background-position":"center center","background-size":"auto","background-attachment":"scroll","background-type":"","background-media":"","overlay-type":"","overlay-color":"","overlay-opacity":"","overlay-gradient":""},"mobile":{"background-color":"var(--ast-global-color-4)","background-image":"","background-repeat":"repeat","background-position":"center center","background-size":"auto","background-attachment":"scroll","background-type":"","background-media":"","overlay-type":"","overlay-color":"","overlay-opacity":"","overlay-gradient":""}},"footnotes":""},"class_list":["post-66","page","type-page","status-publish","hentry"],"aioseo_notices":[],"_links":{"self":[{"href":"https:\/\/defoamingagent.net\/is\/wp-json\/wp\/v2\/pages\/66","targetHints":{"allow":["GET"]}}],"collection":[{"href":"https:\/\/defoamingagent.net\/is\/wp-json\/wp\/v2\/pages"}],"about":[{"href":"https:\/\/defoamingagent.net\/is\/wp-json\/wp\/v2\/types\/page"}],"author":[{"embeddable":true,"href":"https:\/\/defoamingagent.net\/is\/wp-json\/wp\/v2\/users\/1"}],"replies":[{"embeddable":true,"href":"https:\/\/defoamingagent.net\/is\/wp-json\/wp\/v2\/comments?post=66"}],"version-history":[{"count":4,"href":"https:\/\/defoamingagent.net\/is\/wp-json\/wp\/v2\/pages\/66\/revisions"}],"predecessor-version":[{"id":72,"href":"https:\/\/defoamingagent.net\/is\/wp-json\/wp\/v2\/pages\/66\/revisions\/72"}],"wp:attachment":[{"href":"https:\/\/defoamingagent.net\/is\/wp-json\/wp\/v2\/media?parent=66"}],"curies":[{"name":"vp","href":"https:\/\/api.w.org\/{rel}","templated":true}]}}