{"id":2,"date":"2025-04-10T06:19:30","date_gmt":"2025-04-10T06:19:30","guid":{"rendered":"http:\/\/defoamingagent.net\/?page_id=2"},"modified":"2025-04-10T06:19:30","modified_gmt":"2025-04-10T06:19:30","slug":"paxina-de-mostra","status":"publish","type":"page","link":"https:\/\/defoamingagent.net\/gl\/sample-page\/","title":{"rendered":"P\u00e1xina de mostra"},"content":{"rendered":"<p>Esta \u00e9 unha p\u00e1xina de exemplo. \u00c9 diferente dunha entrada de blog porque permanecer\u00e1 nun mesmo lugar e aparecer\u00e1 na navegaci\u00f3n do teu sitio (na maior\u00eda dos temas). A maior\u00eda das persoas comeza cunha p\u00e1xina \"Sobre min\" que as presenta aos visitantes potenciais do sitio. Poder\u00eda dicir algo as\u00ed:<\/p>\n\n\n\n<blockquote class=\"wp-block-quote is-layout-flow wp-block-quote-is-layout-flow\"><p>Ola! De d\u00eda son mensaxeiro en bicicleta, de noite actor aspirante, e esta \u00e9 a mi\u00f1a p\u00e1xina web. Vivo en Los \u00c1ngeles, te\u00f1o un can estupendo chamado Jack, e g\u00fastame as pi\u00f1a coladas. (E que me pille a choiva.)<\/p><\/blockquote>\n\n\n\n<p>\u2026ou algo as\u00ed:<\/p>\n\n\n\n<blockquote class=\"wp-block-quote is-layout-flow wp-block-quote-is-layout-flow\"><p>A empresa XYZ Doohickey foi fundada en 1971 e dende ent\u00f3n proporciona ao p\u00fablico doohickeys de calidade. Situada en Gotham City, XYZ emprega a m\u00e1is de 2.000 persoas e fai todo tipo de cousas xeniais para a comunidade de Gotham.<\/p><\/blockquote>\n\n\n\n<p>Como novo usuario de WordPress, deber\u00edas ir a <a href=\"http:\/\/defoamingagent.net\/wp-admin\/\">o teu cadro de mando<\/a> eliminar esta p\u00e1xina e crear p\u00e1xinas novas para o teu contido. Div\u00edrtete!<\/p>","protected":false},"excerpt":{"rendered":"<p>This is an example page. It&#8217;s different from a blog post because it will stay in one place and will [&hellip;]<\/p>\n","protected":false},"author":1,"featured_media":0,"parent":0,"menu_order":0,"comment_status":"closed","ping_status":"open","template":"","meta":{"site-sidebar-layout":"default","site-content-layout":"","ast-site-content-layout":"","site-content-style":"default","site-sidebar-style":"default","ast-global-header-display":"","ast-banner-title-visibility":"","ast-main-header-display":"","ast-hfb-above-header-display":"","ast-hfb-below-header-display":"","ast-hfb-mobile-header-display":"","site-post-title":"","ast-breadcrumbs-content":"","ast-featured-img":"","footer-sml-layout":"","theme-transparent-header-meta":"","adv-header-id-meta":"","stick-header-meta":"","header-above-stick-meta":"","header-main-stick-meta":"","header-below-stick-meta":"","astra-migrate-meta-layouts":"default","ast-page-background-enabled":"default","ast-page-background-meta":{"desktop":{"background-color":"var(--ast-global-color-5)","background-image":"","background-repeat":"repeat","background-position":"center center","background-size":"auto","background-attachment":"scroll","background-type":"","background-media":"","overlay-type":"","overlay-color":"","overlay-opacity":"","overlay-gradient":""},"tablet":{"background-color":"","background-image":"","background-repeat":"repeat","background-position":"center center","background-size":"auto","background-attachment":"scroll","background-type":"","background-media":"","overlay-type":"","overlay-color":"","overlay-opacity":"","overlay-gradient":""},"mobile":{"background-color":"","background-image":"","background-repeat":"repeat","background-position":"center center","background-size":"auto","background-attachment":"scroll","background-type":"","background-media":"","overlay-type":"","overlay-color":"","overlay-opacity":"","overlay-gradient":""}},"ast-content-background-meta":{"desktop":{"background-color":"var(--ast-global-color-4)","background-image":"","background-repeat":"repeat","background-position":"center center","background-size":"auto","background-attachment":"scroll","background-type":"","background-media":"","overlay-type":"","overlay-color":"","overlay-opacity":"","overlay-gradient":""},"tablet":{"background-color":"var(--ast-global-color-4)","background-image":"","background-repeat":"repeat","background-position":"center center","background-size":"auto","background-attachment":"scroll","background-type":"","background-media":"","overlay-type":"","overlay-color":"","overlay-opacity":"","overlay-gradient":""},"mobile":{"background-color":"var(--ast-global-color-4)","background-image":"","background-repeat":"repeat","background-position":"center center","background-size":"auto","background-attachment":"scroll","background-type":"","background-media":"","overlay-type":"","overlay-color":"","overlay-opacity":"","overlay-gradient":""}},"footnotes":""},"class_list":["post-2","page","type-page","status-publish","hentry"],"aioseo_notices":[],"_links":{"self":[{"href":"https:\/\/defoamingagent.net\/gl\/wp-json\/wp\/v2\/pages\/2","targetHints":{"allow":["GET"]}}],"collection":[{"href":"https:\/\/defoamingagent.net\/gl\/wp-json\/wp\/v2\/pages"}],"about":[{"href":"https:\/\/defoamingagent.net\/gl\/wp-json\/wp\/v2\/types\/page"}],"author":[{"embeddable":true,"href":"https:\/\/defoamingagent.net\/gl\/wp-json\/wp\/v2\/users\/1"}],"replies":[{"embeddable":true,"href":"https:\/\/defoamingagent.net\/gl\/wp-json\/wp\/v2\/comments?post=2"}],"version-history":[{"count":0,"href":"https:\/\/defoamingagent.net\/gl\/wp-json\/wp\/v2\/pages\/2\/revisions"}],"wp:attachment":[{"href":"https:\/\/defoamingagent.net\/gl\/wp-json\/wp\/v2\/media?parent=2"}],"curies":[{"name":"wp","href":"https:\/\/api.w.org\/{rel}","templated":true}]}}