{"id":66,"date":"2025-04-23T07:06:16","date_gmt":"2025-04-23T07:06:16","guid":{"rendered":"https:\/\/defoamingagent.net\/?page_id=66"},"modified":"2025-04-23T07:47:16","modified_gmt":"2025-04-23T07:47:16","slug":"a-propos-de","status":"publish","type":"page","link":"https:\/\/defoamingagent.net\/fr\/about\/","title":{"rendered":"\u00e0 propos de"},"content":{"rendered":"<p class=\"ds-markdown-paragraph\"><strong>Qui sommes-nous ?<\/strong><br \/>\nNous sommes Shanghai Pure Defoamer Technologies Co. LTD et nous avons une mission : r\u00e9soudre les probl\u00e8mes de mousse, simplement et simplement. La mousse peut sembler inoffensive, mais nous savons \u00e0 quel point elle peut ralentir la production, gaspiller des ressources et m\u00eame ruiner la qualit\u00e9 des produits. C'est pourquoi nous avons pass\u00e9 des ann\u00e9es \u00e0 concevoir des agents antimousse qui fonctionnent parfaitement, que vous fabriquiez de l'encre, traitiez des eaux us\u00e9es ou produisiez des peintures, etc. Pas d'exc\u00e8s de promesses, mais des solutions fiables qui assurent le bon fonctionnement de vos processus.<\/p>\n<p class=\"ds-markdown-paragraph\"><strong>Pourquoi nous ?<\/strong><br \/>\nSoyons r\u00e9alistes : tous les antimousses ne sont pas cr\u00e9\u00e9s \u00e9gaux. Les n\u00f4tres le sont. Nous associons la chimie \u00e0 l'aspect pratique pour cr\u00e9er des agents \u00e0 base de silicone, d'huile et d'eau qui \u00e9liminent rapidement la mousse et l'emp\u00eachent de revenir, m\u00eame dans des conditions difficiles (chaleur \u00e9lev\u00e9e, m\u00e9lange agressif ou variations brutales du pH). Mais qu'est-ce qui nous distingue vraiment ? Nous sommes \u00e0 l'\u00e9coute. Votre secteur d'activit\u00e9 pr\u00e9sente des d\u00e9fis uniques et nous adaptons nos formules en cons\u00e9quence, que vous travailliez dans l'agroalimentaire, la pharmacie, l'agriculture ou la chimie.<\/p>\n<p class=\"ds-markdown-paragraph\"><strong>Nous gardons le vert :<\/strong><br \/>\nNous aimons la science, mais nous aimons aussi la plan\u00e8te. C'est pourquoi notre \u00e9quipe est obs\u00e9d\u00e9e par la fabrication d'agents antimousse qui sont \u00e0 la fois r\u00e9sistants \u00e0 la mousse et respectueux de l'environnement. Nos produits r\u00e9pondent \u00e0 des normes mondiales strictes, utilisent des ingr\u00e9dients biod\u00e9gradables dans la mesure du possible et vous aident \u00e0 r\u00e9duire les d\u00e9chets sans sacrifier la performance. Pour nous, le d\u00e9veloppement durable n'est pas un mot \u00e0 la mode : il est pr\u00e9sent dans chaque lot.<\/p>\n<p class=\"ds-markdown-paragraph\"><strong>Notre promesse :<\/strong><br \/>\nNous ne sommes pas l\u00e0 pour vous vendre un produit et dispara\u00eetre. Lorsque vous travaillez avec nous, vous avez un partenaire. Vous avez un probl\u00e8me de mousse tenace ? Nos chimistes peaufineront une formule jusqu'\u00e0 ce qu'elle soit parfaite. Vous avez besoin d'un soutien technique ? Nous sommes l\u00e0. Qu'il s'agisse de petites entreprises ou de fabricants internationaux, nous traitons chaque client comme un membre de la famille, car c'est ainsi que nous aimerions \u00eatre trait\u00e9s.<\/p>\n<p class=\"ds-markdown-paragraph\"><strong>Le r\u00e9sultat :<\/strong><br \/>\nLa mousse n'a aucune chance avec nous en utilisant notre antimousse. Nous sommes l\u00e0 pour vous faciliter la t\u00e2che, rendre vos proc\u00e9d\u00e9s plus propres et am\u00e9liorer vos r\u00e9sultats. Pas de battage m\u00e9diatique, pas de tracas - juste une science \u00e0 laquelle vous pouvez faire confiance.<\/p>","protected":false},"excerpt":{"rendered":"<p>Who We Are: We\u2019re Shanghai Pure Defoamer Technologies Co.,LTD, and we\u2019ve got one mission: to solve foam problems\u2014plain and simple. [&hellip;]<\/p>\n","protected":false},"author":1,"featured_media":0,"parent":0,"menu_order":0,"comment_status":"closed","ping_status":"closed","template":"","meta":{"site-sidebar-layout":"default","site-content-layout":"","ast-site-content-layout":"default","site-content-style":"default","site-sidebar-style":"default","ast-global-header-display":"","ast-banner-title-visibility":"","ast-main-header-display":"","ast-hfb-above-header-display":"","ast-hfb-below-header-display":"","ast-hfb-mobile-header-display":"","site-post-title":"","ast-breadcrumbs-content":"","ast-featured-img":"","footer-sml-layout":"","theme-transparent-header-meta":"default","adv-header-id-meta":"","stick-header-meta":"","header-above-stick-meta":"","header-main-stick-meta":"","header-below-stick-meta":"","astra-migrate-meta-layouts":"set","ast-page-background-enabled":"default","ast-page-background-meta":{"desktop":{"background-color":"var(--ast-global-color-5)","background-image":"","background-repeat":"repeat","background-position":"center center","background-size":"auto","background-attachment":"scroll","background-type":"","background-media":"","overlay-type":"","overlay-color":"","overlay-opacity":"","overlay-gradient":""},"tablet":{"background-color":"","background-image":"","background-repeat":"repeat","background-position":"center center","background-size":"auto","background-attachment":"scroll","background-type":"","background-media":"","overlay-type":"","overlay-color":"","overlay-opacity":"","overlay-gradient":""},"mobile":{"background-color":"","background-image":"","background-repeat":"repeat","background-position":"center center","background-size":"auto","background-attachment":"scroll","background-type":"","background-media":"","overlay-type":"","overlay-color":"","overlay-opacity":"","overlay-gradient":""}},"ast-content-background-meta":{"desktop":{"background-color":"var(--ast-global-color-4)","background-image":"","background-repeat":"repeat","background-position":"center center","background-size":"auto","background-attachment":"scroll","background-type":"","background-media":"","overlay-type":"","overlay-color":"","overlay-opacity":"","overlay-gradient":""},"tablet":{"background-color":"var(--ast-global-color-4)","background-image":"","background-repeat":"repeat","background-position":"center center","background-size":"auto","background-attachment":"scroll","background-type":"","background-media":"","overlay-type":"","overlay-color":"","overlay-opacity":"","overlay-gradient":""},"mobile":{"background-color":"var(--ast-global-color-4)","background-image":"","background-repeat":"repeat","background-position":"center center","background-size":"auto","background-attachment":"scroll","background-type":"","background-media":"","overlay-type":"","overlay-color":"","overlay-opacity":"","overlay-gradient":""}},"footnotes":""},"class_list":["post-66","page","type-page","status-publish","hentry"],"aioseo_notices":[],"_links":{"self":[{"href":"https:\/\/defoamingagent.net\/fr\/wp-json\/wp\/v2\/pages\/66","targetHints":{"allow":["GET"]}}],"collection":[{"href":"https:\/\/defoamingagent.net\/fr\/wp-json\/wp\/v2\/pages"}],"about":[{"href":"https:\/\/defoamingagent.net\/fr\/wp-json\/wp\/v2\/types\/page"}],"author":[{"embeddable":true,"href":"https:\/\/defoamingagent.net\/fr\/wp-json\/wp\/v2\/users\/1"}],"replies":[{"embeddable":true,"href":"https:\/\/defoamingagent.net\/fr\/wp-json\/wp\/v2\/comments?post=66"}],"version-history":[{"count":4,"href":"https:\/\/defoamingagent.net\/fr\/wp-json\/wp\/v2\/pages\/66\/revisions"}],"predecessor-version":[{"id":72,"href":"https:\/\/defoamingagent.net\/fr\/wp-json\/wp\/v2\/pages\/66\/revisions\/72"}],"wp:attachment":[{"href":"https:\/\/defoamingagent.net\/fr\/wp-json\/wp\/v2\/media?parent=66"}],"curies":[{"name":"wp","href":"https:\/\/api.w.org\/{rel}","templated":true}]}}