{"id":66,"date":"2025-04-23T07:06:16","date_gmt":"2025-04-23T07:06:16","guid":{"rendered":"https:\/\/defoamingagent.net\/?page_id=66"},"modified":"2025-04-23T07:47:16","modified_gmt":"2025-04-23T07:47:16","slug":"acerca-de","status":"publish","type":"page","link":"https:\/\/defoamingagent.net\/es_pe\/about\/","title":{"rendered":"acerca de"},"content":{"rendered":"<p class=\"ds-markdown-paragraph\"><strong>Qui\u00e9nes somos:<\/strong><br \/>\nSomos Shanghai Pure Defoamer Technologies Co., LTD, y tenemos una misi\u00f3n: solucionar los problemas de espuma, simple y llanamente. La espuma puede parecer inofensiva, pero sabemos que puede ralentizar la producci\u00f3n, malgastar recursos e incluso arruinar la calidad del producto. Por eso llevamos a\u00f1os creando agentes antiespumantes que funcionan, tanto si fabrica tintas como si trata aguas residuales o fabrica pinturas. Sin exagerar: s\u00f3lo soluciones fiables que mantienen sus procesos en marcha sin problemas.<\/p>\n<p class=\"ds-markdown-paragraph\"><strong>\u00bfPor qu\u00e9 nosotros?<\/strong><br \/>\nSeamos realistas: no todos los antiespumantes son iguales. Los nuestros s\u00ed. Combinamos la qu\u00edmica con la practicidad para crear agentes a base de silicona, aceite y agua que eliminan la espuma r\u00e1pidamente y evitan que vuelva a aparecer, incluso en condiciones dif\u00edciles (por ejemplo, altas temperaturas, mezclas agresivas o cambios bruscos de pH). Pero, \u00bfqu\u00e9 es lo que realmente nos diferencia? Le escuchamos. Su sector presenta retos \u00fanicos y nosotros adaptamos nuestras f\u00f3rmulas para que se ajusten a ellos, tanto si se dedica al procesamiento de alimentos como a la industria farmac\u00e9utica, agr\u00edcola o qu\u00edmica.<\/p>\n<p class=\"ds-markdown-paragraph\"><strong>Lo mantenemos verde:<\/strong><br \/>\nNos encanta la ciencia, pero tambi\u00e9n el planeta. Por eso nuestro equipo se obsesiona con la fabricaci\u00f3n de antiespumantes que sean duros con la espuma pero respetuosos con el medio ambiente. Nuestros productos cumplen estrictas normas mundiales, utilizan ingredientes biodegradables siempre que es posible y le ayudan a reducir los residuos sin sacrificar el rendimiento. Para nosotros, la sostenibilidad no es una palabra de moda: est\u00e1 presente en cada lote.<\/p>\n<p class=\"ds-markdown-paragraph\"><strong>Nuestra promesa:<\/strong><br \/>\nNo estamos aqu\u00ed para venderle un producto y desaparecer. Cuando trabaja con nosotros, tiene un socio. \u00bfTiene un problema de espuma persistente? Nuestros qu\u00edmicos ajustar\u00e1n una f\u00f3rmula hasta que quede bien. \u00bfNecesita apoyo t\u00e9cnico? Aqu\u00ed estamos. Desde peque\u00f1as empresas de nueva creaci\u00f3n hasta fabricantes internacionales, tratamos a cada cliente como de la familia porque, bueno, as\u00ed es como nos gustar\u00eda que nos trataran a nosotros.<\/p>\n<p class=\"ds-markdown-paragraph\"><strong>El resultado final:<\/strong><br \/>\nLa espuma no tiene ninguna oportunidad con nosotros si utiliza nuestro antiespumante. Estamos aqu\u00ed para hacer su trabajo m\u00e1s f\u00e1cil, sus procesos m\u00e1s limpios y sus resultados mejores. Sin exageraciones ni complicaciones, solo ciencia en la que puede confiar.<\/p>","protected":false},"excerpt":{"rendered":"<p>Who We Are: We\u2019re Shanghai Pure Defoamer Technologies Co.,LTD, and we\u2019ve got one mission: to solve foam problems\u2014plain and simple. [&hellip;]<\/p>\n","protected":false},"author":1,"featured_media":0,"parent":0,"menu_order":0,"comment_status":"closed","ping_status":"closed","template":"","meta":{"site-sidebar-layout":"default","site-content-layout":"","ast-site-content-layout":"default","site-content-style":"default","site-sidebar-style":"default","ast-global-header-display":"","ast-banner-title-visibility":"","ast-main-header-display":"","ast-hfb-above-header-display":"","ast-hfb-below-header-display":"","ast-hfb-mobile-header-display":"","site-post-title":"","ast-breadcrumbs-content":"","ast-featured-img":"","footer-sml-layout":"","theme-transparent-header-meta":"default","adv-header-id-meta":"","stick-header-meta":"","header-above-stick-meta":"","header-main-stick-meta":"","header-below-stick-meta":"","astra-migrate-meta-layouts":"set","ast-page-background-enabled":"default","ast-page-background-meta":{"desktop":{"background-color":"var(--ast-global-color-5)","background-image":"","background-repeat":"repeat","background-position":"center center","background-size":"auto","background-attachment":"scroll","background-type":"","background-media":"","overlay-type":"","overlay-color":"","overlay-opacity":"","overlay-gradient":""},"tablet":{"background-color":"","background-image":"","background-repeat":"repeat","background-position":"center center","background-size":"auto","background-attachment":"scroll","background-type":"","background-media":"","overlay-type":"","overlay-color":"","overlay-opacity":"","overlay-gradient":""},"mobile":{"background-color":"","background-image":"","background-repeat":"repeat","background-position":"center center","background-size":"auto","background-attachment":"scroll","background-type":"","background-media":"","overlay-type":"","overlay-color":"","overlay-opacity":"","overlay-gradient":""}},"ast-content-background-meta":{"desktop":{"background-color":"var(--ast-global-color-4)","background-image":"","background-repeat":"repeat","background-position":"center center","background-size":"auto","background-attachment":"scroll","background-type":"","background-media":"","overlay-type":"","overlay-color":"","overlay-opacity":"","overlay-gradient":""},"tablet":{"background-color":"var(--ast-global-color-4)","background-image":"","background-repeat":"repeat","background-position":"center center","background-size":"auto","background-attachment":"scroll","background-type":"","background-media":"","overlay-type":"","overlay-color":"","overlay-opacity":"","overlay-gradient":""},"mobile":{"background-color":"var(--ast-global-color-4)","background-image":"","background-repeat":"repeat","background-position":"center center","background-size":"auto","background-attachment":"scroll","background-type":"","background-media":"","overlay-type":"","overlay-color":"","overlay-opacity":"","overlay-gradient":""}},"footnotes":""},"class_list":["post-66","page","type-page","status-publish","hentry"],"aioseo_notices":[],"_links":{"self":[{"href":"https:\/\/defoamingagent.net\/es_pe\/wp-json\/wp\/v2\/pages\/66","targetHints":{"allow":["GET"]}}],"collection":[{"href":"https:\/\/defoamingagent.net\/es_pe\/wp-json\/wp\/v2\/pages"}],"about":[{"href":"https:\/\/defoamingagent.net\/es_pe\/wp-json\/wp\/v2\/types\/page"}],"author":[{"embeddable":true,"href":"https:\/\/defoamingagent.net\/es_pe\/wp-json\/wp\/v2\/users\/1"}],"replies":[{"embeddable":true,"href":"https:\/\/defoamingagent.net\/es_pe\/wp-json\/wp\/v2\/comments?post=66"}],"version-history":[{"count":4,"href":"https:\/\/defoamingagent.net\/es_pe\/wp-json\/wp\/v2\/pages\/66\/revisions"}],"predecessor-version":[{"id":72,"href":"https:\/\/defoamingagent.net\/es_pe\/wp-json\/wp\/v2\/pages\/66\/revisions\/72"}],"wp:attachment":[{"href":"https:\/\/defoamingagent.net\/es_pe\/wp-json\/wp\/v2\/media?parent=66"}],"curies":[{"name":"wp","href":"https:\/\/api.w.org\/{rel}","templated":true}]}}